{"id":226,"date":"2020-02-22T01:43:32","date_gmt":"2020-02-22T01:43:32","guid":{"rendered":"https:\/\/urbanfabric.pt\/?page_id=226"},"modified":"2021-01-31T13:57:31","modified_gmt":"2021-01-31T13:57:31","slug":"cascais","status":"publish","type":"page","link":"https:\/\/urbanfabric.pt\/en\/cascais\/","title":{"rendered":"Cascais"},"content":{"rendered":"\n<section class=\"project-title-block\" style=\"background-image: url(https:\/\/urbanfabric.pt\/wp-content\/uploads\/2020\/02\/cascais-bg-2.jpg);\">\n\t<div class=\"site-container grid-x align-middle\">\n\t\t<div class=\"scroll-icon\">\n\t\t\t<img src=\"https:\/\/urbanfabric.pt\/wp-content\/themes\/urbanfabric\/assets\/images\/hero-scroll-white.png\" alt=\"Scroll down\" \/>\n\t\t<\/div>\n\t\t<div class=\"cell small-12\">\n\t\t\t<h1>Cascais<\/h1>\n\t\t<\/div>\n\t<\/div>\n<\/section>\n\n\n<section class=\"project-content-title-block\" style=\"background: #cfcbc3;\">\n\t<div class=\"site-container grid-x\">\n\t\t<div class=\"small-12 cell text-center\">\n\t\t\t<h2>Cascais<\/h2>\n\t\t\t<a class=\"home-link\" href=\"\/projects\">\u2190 Projects<\/a>\n\t\t<\/div>\n\t<\/div>\n<\/section>\n\n\n<section class=\"title-text-block \" style=\"background-color: #cfcbc3\">\n\t<div class=\"site-container\">\n\n\t\n\t\t<div class=\"text-container grid-x\">\n\t\t\t<div class=\"yellow-square\"><\/div>\n\t\t\t<div class=\"paragraph-marker\"><\/div>\n\t\t\t<div class=\"cell small-12\">\n\n\t\t\t\t\n\t\t\t\t<p>Cascais is a charming seaside town 30 km from Lisbon. From its humble beginnings as a quiet fishing village, Cascais developed into an elegant and cosmopolitan seaside resort in the 19th century, attracting members of the European royalty and nobility. Today, the Municipality of Cascais is one of the wealthiest in Portugal, topping the charts in municipal taxes per capital after the Algarve and Lisbon and is consistently ranked highly for its overall quality of life. It is also an important touristic and event destination.<\/p>\n<p>Similar to other town centers in Portugal, and in spite of its heritage and affluence, the street retail offering in Cascais has been slow to adapt to the emergence of shopping centers and the town center progressively lost its appeal. While in the 1980s and 1990s its elegant multi-brand boutiques and trendy swimwear stores attracted the affluent shopper (including from Lisbon), today few unique contemporary retail concepts survive. The street fronts are filled with bland retail outlets such as banks, real estate agents, hairdressers and mini-supermarkets together with tourist-focused restaurants and souvenir shops.<\/p>\n\t\t\t<\/div>\n\t\t<\/div>\n\t<\/div>\n<\/section>\n\n\n<section class=\"blockquote-block\" style=\"background: #cfcbc3\">\n\t<div class=\"site-container\">\n\t\t<div class=\"inner-container grid-x\">\n\t\t\t<div class=\"small-9 cell\" style=\"color: #ff9d6d\">\n\t\t\t\tBring vitality to the historic center with superior contemporary retailers, a modern office and learning community and a fashionable, more diverse evening offering.\t\t\t<\/div>\n\t\t<\/div>\n\t<\/div>\n<\/section>\n\n\n<div class=\"spacer-block\" style=\"height: 80px; background: #cfcbc3\"><\/div>\n\n<section class=\"project-map-block\">\n\n\t\n\t<div id=\"map\">\n\n\t\n\t\t<div class=\"marker\" data-title=\"Valbom 16\" data-address=\"Avenida Valbom 16\" data-lat=\"38.6993872\" data-lng=\"-9.4195441\" data-link=\"https:\/\/urbanfabric.pt\/en\/edificios\/valbom-16\/\" data-icon=\"https:\/\/urbanfabric.pt\/wp-content\/themes\/urbanfabric\/assets\/images\/map-pin.png\" \/>\n\t\t<\/div>\n\n\t\n\t\t<div class=\"marker\" data-title=\"Antigo Edif\u00edcio da PSP\" data-address=\"Rua Afonso Sanches 24\" data-lat=\"38.69771\" data-lng=\"-9.421224\" data-link=\"https:\/\/urbanfabric.pt\/en\/edificios\/antigo-edificio-da-psp\/\" data-icon=\"https:\/\/urbanfabric.pt\/wp-content\/themes\/urbanfabric\/assets\/images\/map-pin.png\" \/>\n\t\t<\/div>\n\n\t\n\t\t<div class=\"marker\" data-title=\"Edif\u00edcio S\u00e3o Jos\u00e9\" data-address=\"Alameda Combatentes da Grande Guerra 247\" data-lat=\"38.699877927999\" data-lng=\"-9.4209612763637\" data-link=\"https:\/\/urbanfabric.pt\/en\/edificios\/edificio-sao-jose\/\" data-icon=\"https:\/\/urbanfabric.pt\/wp-content\/themes\/urbanfabric\/assets\/images\/map-pin.png\" \/>\n\t\t<\/div>\n\n\t\n\t\t<div class=\"marker\" data-title=\"Gera\u00e7\u00e3o C\" data-address=\"Avenida Valbom 21\" data-lat=\"38.7000384\" data-lng=\"-9.41892\" data-link=\"https:\/\/urbanfabric.pt\/en\/edificios\/geracao-c\/\" data-icon=\"https:\/\/urbanfabric.pt\/wp-content\/themes\/urbanfabric\/assets\/images\/map-pin.png\" \/>\n\t\t<\/div>\n\n\t\n\t\t<div class=\"marker\" data-title=\"Casa das Riscas\" data-address=\"Travessa de Santa Catarina 34\" data-lat=\"38.697799\" data-lng=\"-9.418945\" data-link=\"https:\/\/urbanfabric.pt\/en\/edificios\/casa-das-riscas\/\" data-icon=\"https:\/\/urbanfabric.pt\/wp-content\/themes\/urbanfabric\/assets\/images\/map-pin.png\" \/>\n\t\t<\/div>\n\n\t\n\t\t<div class=\"marker\" data-title=\"Edif\u00edcio Recursos Humanos\" data-address=\"Alameda dos Combatentes da Grande Guerra 131\" data-lat=\"38.698627\" data-lng=\"-9.42076\" data-link=\"https:\/\/urbanfabric.pt\/en\/edificios\/edificio-recursos-humanos\/\" data-icon=\"https:\/\/urbanfabric.pt\/wp-content\/themes\/urbanfabric\/assets\/images\/map-pin.png\" \/>\n\t\t<\/div>\n\n\t\n\t\t<div class=\"marker\" data-title=\"Edif\u00edcio Rel\u00f3gio\" data-address=\"Pra\u00e7a 5 de Outubro 75\" data-lat=\"38.6971464\" data-lng=\"-9.4207888\" data-link=\"https:\/\/urbanfabric.pt\/en\/edificios\/edificio-relogio\/\" data-icon=\"https:\/\/urbanfabric.pt\/wp-content\/themes\/urbanfabric\/assets\/images\/map-pin.png\" \/>\n\t\t<\/div>\n\n\t\n\t<\/div>\n<\/section>\n\n\n<div class=\"spacer-block\" style=\"height: 80px; background: #cfcbc3\"><\/div>\n\n\n<section class=\"title-text-block \" style=\"background-color: #cfcbc3\">\n\t<div class=\"site-container\">\n\n\t\n\t\t<div class=\"text-container grid-x\">\n\t\t\t<div class=\"yellow-square\"><\/div>\n\t\t\t<div class=\"paragraph-marker\"><\/div>\n\t\t\t<div class=\"cell small-12\">\n\n\t\t\t\t\n\t\t\t\t<p>In order to regain its appeal and charm, we envision Cascais re focusing its retail offering on its residents. Tourist offerings will continue, but become increasingly differentiated and innovative. Street retail should offer a unique shopping and lifestyle experience, which shall be radically different from a CascaiShopping visit and more convenient than travelling to Lisbon. Urban Fabric intends to be a catalyst at the forefront of improving and differentiating the retail offering in Cascais.<\/p>\n<p>For the initial set of concepts to survive, 3 conditions are indispensable:<\/p>\n\t\t\t<\/div>\n\t\t<\/div>\n\t<\/div>\n<\/section>\n\n\n<section class=\"three-column-block column-borders\" style=\"background-color: #cfcbc3\">\n\t<div class=\"site-container\">\n\t\t<h2><\/h2>\n\n\t\t<div class=\"inner-container grid-x align-stretch\">\n\n\t\t\t\t\t\t\t<div class=\"cell small-12 medium-4 text-center column-border\">\n\n\t\t\t\t\t\n\t\t\t\t\t<div class=\"column-text column-border\">\n\n\t\t\t\t\t\t\t\t\t\t\t\t\t<strong>\n\n\t\t\t\t\t\t\n\t\t\t\t\t\t\tCritical mass of original high-quality stores, restaurants and bars at reasonable rents.\n\t\t\t\t\t\t\n\t\t\t\t\t\t\t<\/strong>\n\n\t\t\t\t\t\t\n\t\t\t\t\t<\/div>\n\t\t\t\t<\/div>\n\n\t\t\t\t\t\t\t<div class=\"cell small-12 medium-4 text-center column-border\">\n\n\t\t\t\t\t\n\t\t\t\t\t<div class=\"column-text column-border\">\n\n\t\t\t\t\t\t\t\t\t\t\t\t\t<strong>\n\n\t\t\t\t\t\t\n\t\t\t\t\t\t\tPopulate historic center with day-residents by offering attractive educational and office space.\n\t\t\t\t\t\t\n\t\t\t\t\t\t\t<\/strong>\n\n\t\t\t\t\t\t\n\t\t\t\t\t<\/div>\n\t\t\t\t<\/div>\n\n\t\t\t\t\t\t\t<div class=\"cell small-12 medium-4 text-center column-border\">\n\n\t\t\t\t\t\n\t\t\t\t\t<div class=\"column-text column-border\">\n\n\t\t\t\t\t\t\t\t\t\t\t\t\t<strong>\n\n\t\t\t\t\t\t\n\t\t\t\t\t\t\tEstablish a dedicated specialised local team to assemble exciting tenants, attract investment and successfully execute.\n\t\t\t\t\t\t\n\t\t\t\t\t\t\t<\/strong>\n\n\t\t\t\t\t\t\n\t\t\t\t\t<\/div>\n\t\t\t\t<\/div>\n\n\t\t\t\t\t<\/div>\n\t<\/div>\n<\/section>\n\n\n<section class=\"title-text-block \" style=\"background-color: #cfcbc3\">\n\t<div class=\"site-container\">\n\n\t\n\t\t<div class=\"text-container grid-x\">\n\t\t\t<div class=\"yellow-square\"><\/div>\n\t\t\t<div class=\"paragraph-marker\"><\/div>\n\t\t\t<div class=\"cell small-12\">\n\n\t\t\t\t\n\t\t\t\t<p><strong>Urban Fabric<\/strong>\u00a0has acquired a 1,100 sq.m. retail space in Av. Valbom (<a href=\"https:\/\/beweconcept.com\/\">BeWe<\/a>) in 2019 and is gradually increasing its commercial portfolio in Cascais through acquisitions or management contracts. In January 2021, we got the award for the concession of 6 municipal assets, all located in the historic center of Cascais, as a first step in the implementation of this strategy.<\/p>\n\t\t\t<\/div>\n\t\t<\/div>\n\t<\/div>\n<\/section>\n\n\n<section class=\"project-spots-block\" style=\"background: #cfcbc3\">\n\t<div class=\"site-container\">\n\t\t<div class=\"grid-x grid-margin-x small-up-1 medium-up-2 large-up-3 align-stretch\">\n\n\t\t\t\n\t\t\t<div class=\"cell spot-container\">\n\t\t\t\t<a href=\"https:\/\/urbanfabric.pt\/en\/edificios\/valbom-16\/\">\n\t\t\t\t\t<div class=\"spot-image\">\n\t\t\t\t\t\t<img src=\"https:\/\/urbanfabric.pt\/wp-content\/uploads\/2021\/01\/Fachada-BE-WE-Concept-0198.jpg\" alt=\"Valbom 16\" \/>\n\t\t\t\t\t\t<div class=\"spot-overlay\">\n\t\t\t\t\t\t\t<div class=\"spot-name\">Valbom 16<\/div>\n\t\t\t\t\t\t<\/div>\n\t\t\t\t\t<\/div>\n\t\t\t\t<\/a>\n\t\t\t<\/div>\n\n\t\t\t\n\t\t\t<div class=\"cell spot-container\">\n\t\t\t\t<a href=\"https:\/\/urbanfabric.pt\/en\/edificios\/antigo-edificio-da-psp\/\">\n\t\t\t\t\t<div class=\"spot-image\">\n\t\t\t\t\t\t<img src=\"https:\/\/urbanfabric.pt\/wp-content\/uploads\/2020\/12\/IMG_20200117_133433-scaled.jpg\" alt=\"Antigo Edif\u00edcio da PSP\" \/>\n\t\t\t\t\t\t<div class=\"spot-overlay\">\n\t\t\t\t\t\t\t<div class=\"spot-name\">Antigo Edif\u00edcio da PSP<\/div>\n\t\t\t\t\t\t<\/div>\n\t\t\t\t\t<\/div>\n\t\t\t\t<\/a>\n\t\t\t<\/div>\n\n\t\t\t\n\t\t\t<div class=\"cell spot-container\">\n\t\t\t\t<a href=\"https:\/\/urbanfabric.pt\/en\/edificios\/edificio-sao-jose\/\">\n\t\t\t\t\t<div class=\"spot-image\">\n\t\t\t\t\t\t<img src=\"https:\/\/urbanfabric.pt\/wp-content\/uploads\/2020\/12\/IMG_20200117_134140-scaled.jpg\" alt=\"Edif\u00edcio S\u00e3o Jos\u00e9\" \/>\n\t\t\t\t\t\t<div class=\"spot-overlay\">\n\t\t\t\t\t\t\t<div class=\"spot-name\">Edif\u00edcio S\u00e3o Jos\u00e9<\/div>\n\t\t\t\t\t\t<\/div>\n\t\t\t\t\t<\/div>\n\t\t\t\t<\/a>\n\t\t\t<\/div>\n\n\t\t\t\n\t\t\t<div class=\"cell spot-container\">\n\t\t\t\t<a href=\"https:\/\/urbanfabric.pt\/en\/edificios\/geracao-c\/\">\n\t\t\t\t\t<div class=\"spot-image\">\n\t\t\t\t\t\t<img src=\"https:\/\/urbanfabric.pt\/wp-content\/uploads\/2020\/12\/IMG_20200117_131908-scaled.jpg\" alt=\"Gera\u00e7\u00e3o C\" \/>\n\t\t\t\t\t\t<div class=\"spot-overlay\">\n\t\t\t\t\t\t\t<div class=\"spot-name\">Gera\u00e7\u00e3o C<\/div>\n\t\t\t\t\t\t<\/div>\n\t\t\t\t\t<\/div>\n\t\t\t\t<\/a>\n\t\t\t<\/div>\n\n\t\t\t\n\t\t\t<div class=\"cell spot-container\">\n\t\t\t\t<a href=\"https:\/\/urbanfabric.pt\/en\/edificios\/casa-das-riscas\/\">\n\t\t\t\t\t<div class=\"spot-image\">\n\t\t\t\t\t\t<img src=\"https:\/\/urbanfabric.pt\/wp-content\/uploads\/2020\/12\/casa-das-riscas-scaled.jpg\" alt=\"Casa das Riscas\" \/>\n\t\t\t\t\t\t<div class=\"spot-overlay\">\n\t\t\t\t\t\t\t<div class=\"spot-name\">Casa das Riscas<\/div>\n\t\t\t\t\t\t<\/div>\n\t\t\t\t\t<\/div>\n\t\t\t\t<\/a>\n\t\t\t<\/div>\n\n\t\t\t\n\t\t\t<div class=\"cell spot-container\">\n\t\t\t\t<a href=\"https:\/\/urbanfabric.pt\/en\/edificios\/edificio-recursos-humanos\/\">\n\t\t\t\t\t<div class=\"spot-image\">\n\t\t\t\t\t\t<img src=\"https:\/\/urbanfabric.pt\/wp-content\/uploads\/2020\/08\/edificio-rh-novo.jpg\" alt=\"Edif\u00edcio Recursos Humanos\" \/>\n\t\t\t\t\t\t<div class=\"spot-overlay\">\n\t\t\t\t\t\t\t<div class=\"spot-name\">Edif\u00edcio Recursos Humanos<\/div>\n\t\t\t\t\t\t<\/div>\n\t\t\t\t\t<\/div>\n\t\t\t\t<\/a>\n\t\t\t<\/div>\n\n\t\t\t\n\t\t\t<div class=\"cell spot-container\">\n\t\t\t\t<a href=\"https:\/\/urbanfabric.pt\/en\/edificios\/edificio-relogio\/\">\n\t\t\t\t\t<div class=\"spot-image\">\n\t\t\t\t\t\t<img src=\"https:\/\/urbanfabric.pt\/wp-content\/uploads\/2020\/08\/relogio-site.jpg\" alt=\"Edif\u00edcio Rel\u00f3gio\" \/>\n\t\t\t\t\t\t<div class=\"spot-overlay\">\n\t\t\t\t\t\t\t<div class=\"spot-name\">Edif\u00edcio Rel\u00f3gio<\/div>\n\t\t\t\t\t\t<\/div>\n\t\t\t\t\t<\/div>\n\t\t\t\t<\/a>\n\t\t\t<\/div>\n\n\t\t\t\n\t\t<\/div>\n\t<\/div>\n<\/section>\n\n\n<section class=\"touch-block\">\n\t<div class=\"site-container grid-x align-middle\">\n\t\t<div class=\"cell small-12\">\n\t\t\t<div class=\"inner-container\">\n\t\t\t\t<h2 data-link=\"https:\/\/urbanfabric.pt\/en\/contacts\/\">Shall we weave<br>your neighborhood?<\/h2>\n\t\t\t\t<a class=\"touch-link\" href=\"https:\/\/urbanfabric.pt\/en\/contacts\/\">Get in touch<\/a>\n\t\t\t<\/div>\n\t\t<\/div>\n\t<\/div>\n<\/section>","protected":false},"excerpt":{"rendered":"","protected":false},"author":2,"featured_media":614,"parent":0,"menu_order":0,"comment_status":"closed","ping_status":"closed","template":"template-projectos.php","meta":[],"_links":{"self":[{"href":"https:\/\/urbanfabric.pt\/en\/wp-json\/wp\/v2\/pages\/226"}],"collection":[{"href":"https:\/\/urbanfabric.pt\/en\/wp-json\/wp\/v2\/pages"}],"about":[{"href":"https:\/\/urbanfabric.pt\/en\/wp-json\/wp\/v2\/types\/page"}],"author":[{"embeddable":true,"href":"https:\/\/urbanfabric.pt\/en\/wp-json\/wp\/v2\/users\/2"}],"replies":[{"embeddable":true,"href":"https:\/\/urbanfabric.pt\/en\/wp-json\/wp\/v2\/comments?post=226"}],"version-history":[{"count":98,"href":"https:\/\/urbanfabric.pt\/en\/wp-json\/wp\/v2\/pages\/226\/revisions"}],"predecessor-version":[{"id":977,"href":"https:\/\/urbanfabric.pt\/en\/wp-json\/wp\/v2\/pages\/226\/revisions\/977"}],"wp:featuredmedia":[{"embeddable":true,"href":"https:\/\/urbanfabric.pt\/en\/wp-json\/wp\/v2\/media\/614"}],"wp:attachment":[{"href":"https:\/\/urbanfabric.pt\/en\/wp-json\/wp\/v2\/media?parent=226"}],"curies":[{"name":"wp","href":"https:\/\/api.w.org\/{rel}","templated":true}]}}